{"id":929,"date":"2022-03-09T14:00:30","date_gmt":"2022-03-09T14:00:30","guid":{"rendered":"https:\/\/strandappartementkatwijk.nl\/algemene-voorwaarden\/"},"modified":"2024-01-03T08:28:38","modified_gmt":"2024-01-03T08:28:38","slug":"allgemeine-bedingungen-und-konditionen","status":"publish","type":"page","link":"https:\/\/strandappartementkatwijk.nl\/de\/allgemeine-bedingungen-und-konditionen\/","title":{"rendered":"Allgemeine Bedingungen und Konditionen"},"content":{"rendered":"<p><em>Strandappartement Katwijk<\/em><br \/>\n<em>Registrierungsnummer 0537 85F0 E32C DF5D D77E<\/em><\/p>\n<p>Diese allgemeinen Gesch\u00e4ftsbedingungen gelten f\u00fcr die Buchung:<\/p>\n<p>Der Mieter sollte sich dar\u00fcber im Klaren sein, dass diese Ferienwohnung einem privaten Vermieter geh\u00f6rt und er sich in jedem Fall entsprechend verhalten wird. Dies bedeutet auch, dass der Mieter keine Bel\u00e4stigungen f\u00fcr die Bewohner oder die unmittelbaren Nachbarn und Anlieger verursacht.<\/p>\n<p>Die Mietwohnung ist die jeweilige Wohnung mit Balkon und Inventar im 2. Stock.<\/p>\n<p>Mieter ist die Person, die den Mietvertrag abschlie\u00dft. Mieter ist auch die Person, die den Mietvertrag f\u00fcr oder im Namen des Mieters abgeschlossen hat.<\/p>\n<h2>Ankunft und Abreise<\/h2>\n<p>Anreisetag ist Montag oder Freitag ab 16.00 Uhr und Abreisetag ist Montag und\/oder Freitagmorgen vor 10.00 Uhr.<\/p>\n<p>In Absprache (telefonisch oder per E-Mail) kann die Schl\u00fcssel\u00fcbergabe vereinbart werden.<\/p>\n<h2>Anzahl der Personen<\/h2>\n<p>Die in der Buchungsbest\u00e4tigung vereinbarte Personenzahl darf nicht \u00fcberschritten werden. Die 2-Zimmer-Wohnung ist f\u00fcr maximal 3 Personen ausgelegt.<\/p>\n<h2>Versicherungen<\/h2>\n<p>Leider gibt es in Katwijk immer wieder Einbr\u00fcche. Bitte achten Sie darauf, dass die T\u00fcren verschlossen sind, wenn Sie die Wohnung verlassen. &#8211; Damit sch\u00fctzen Sie Ihr pers\u00f6nliches Eigentum und das des Wohnungseigent\u00fcmers. Die Geb\u00e4udeversicherung deckt normalerweise keine Einbr\u00fcche ab, bei denen sich sp\u00e4ter herausstellt, dass die Wohnung nicht richtig verschlossen war. Bitte beachten Sie, dass der Eigent\u00fcmer in solchen F\u00e4llen den Mieter f\u00fcr Sch\u00e4den haftbar machen kann, die nicht von der Versicherung gedeckt sind.<\/p>\n<h2>Zahlung<\/h2>\n<p>Bei Reservierungen muss der Mieter 25% des Betrages sofort nach der Buchung auf IBAN NL29 RABO 0391 8317 12 auf den Namen von L. Haasnoot \u00fcberweisen. Nach Eingang dieser Zahlung wird die Reservierung in eine Buchung umgewandelt. Der Restbetrag (einschlie\u00dflich zus\u00e4tzlicher Kosten, wie z. B. die obligatorische Reinigung) ist 3 Wochen vor der Ankunft auf die oben genannte Bankverbindung zu \u00fcberweisen.<\/p>\n<p>Angaben zum Bankkonto:<br \/>\nIBAN NUMBER: NL29 RABO 0391 8317 12<br \/>\nBIC CODE: RABONL2U<\/p>\n<h2>Endreinigung<\/h2>\n<p>Obwohl der Mieter den Betrag f\u00fcr die Endreinigung bezahlt hat, muss er bei seiner Abreise die Wohnung, die K\u00fcche, das Bad und die Toilette in einem ordentlichen Zustand hinterlassen.<\/p>\n<p>Der Vermieter ist berechtigt, einen Teil der Kaution als zus\u00e4tzliche Reinigungsgeb\u00fchr einzubehalten, wenn der Mieter in Verzug ist.<\/p>\n<h2>Sonstiges<\/h2>\n<ul>\n<li>Die Kaution in H\u00f6he von 150 \u20ac muss bei der Ankunft in bar an den Vermieter gezahlt werden.<\/li>\n<li>Haustiere sind nicht erlaubt.<\/li>\n<li>Rauchen ist in der Wohnung nicht erlaubt.<\/li>\n<li>Grillen ist nicht erlaubt.<\/li>\n<li>Bei der Abreise muss der Mieter Glas, Papier und Plastik selbst in die entsprechenden Beh\u00e4lter an der \u00f6ffentlichen Stra\u00dfe entsorgen.<\/li>\n<li>Auf den Mietvertrag findet das niederl\u00e4ndische Recht Anwendung.<\/li>\n<li>Im Falle einer Stornierung sind folgende Stornogeb\u00fchren zu zahlen:\n<ul>\n<li>bei einer Stornierung bis zum 42. Tag vor dem Tag der Abreise: die Anzahlung<\/li>\n<li>bei einer Stornierung ab dem 42. Tag bis zum 28. Tag vor dem Abreisetag: 60 % des Reisepreises<\/li>\n<li>Stornierung vom 28. Tag bis zum Tag der Abreise: 90% des Reisepreises<\/li>\n<li>Stornierung am Tag der Abreise oder sp\u00e4ter: der gesamte Reisepreis.<\/li>\n<\/ul>\n<\/li>\n<\/ul>\n","protected":false},"excerpt":{"rendered":"<p>Strandappartement Katwijk Registrierungsnummer 0537 85F0 E32C DF5D D77E Diese allgemeinen Gesch\u00e4ftsbedingungen gelten f\u00fcr die Buchung: Der Mieter sollte sich dar\u00fcber im Klaren sein, dass diese Ferienwohnung einem privaten Vermieter geh\u00f6rt und er sich in jedem Fall entsprechend verhalten wird. Dies bedeutet auch, dass der Mieter keine Bel\u00e4stigungen f\u00fcr die Bewohner oder die unmittelbaren Nachbarn und [&hellip;]<\/p>\n","protected":false},"author":3,"featured_media":0,"parent":0,"menu_order":0,"comment_status":"closed","ping_status":"closed","template":"","meta":{"_acf_changed":false,"footnotes":""},"class_list":["post-929","page","type-page","status-publish","hentry"],"acf":[],"yoast_head":"<!-- This site is optimized with the Yoast SEO plugin v27.5 - https:\/\/yoast.com\/product\/yoast-seo-wordpress\/ -->\n<title>Allgemeine Bedingungen und Konditionen - Strandappartement Katwijk - Boulevard Katwijk aan zee<\/title>\n<meta name=\"robots\" content=\"index, follow, max-snippet:-1, max-image-preview:large, max-video-preview:-1\" \/>\n<link rel=\"canonical\" href=\"https:\/\/strandappartementkatwijk.nl\/de\/allgemeine-bedingungen-und-konditionen\/\" \/>\n<meta property=\"og:locale\" content=\"de_DE\" \/>\n<meta property=\"og:type\" content=\"article\" \/>\n<meta property=\"og:title\" content=\"Allgemeine Bedingungen und Konditionen - Strandappartement Katwijk - Boulevard Katwijk aan zee\" \/>\n<meta property=\"og:description\" content=\"Strandappartement Katwijk Registrierungsnummer 0537 85F0 E32C DF5D D77E Diese allgemeinen Gesch\u00e4ftsbedingungen gelten f\u00fcr die Buchung: Der Mieter sollte sich dar\u00fcber im Klaren sein, dass diese Ferienwohnung einem privaten Vermieter geh\u00f6rt und er sich in jedem Fall entsprechend verhalten wird. Dies bedeutet auch, dass der Mieter keine Bel\u00e4stigungen f\u00fcr die Bewohner oder die unmittelbaren Nachbarn und [&hellip;]\" \/>\n<meta property=\"og:url\" content=\"https:\/\/strandappartementkatwijk.nl\/de\/allgemeine-bedingungen-und-konditionen\/\" \/>\n<meta property=\"og:site_name\" content=\"Strandappartement Katwijk - Boulevard Katwijk aan zee\" \/>\n<meta property=\"article:modified_time\" content=\"2024-01-03T08:28:38+00:00\" \/>\n<meta name=\"twitter:card\" content=\"summary_large_image\" \/>\n<meta name=\"twitter:label1\" content=\"Gesch\u00e4tzte Lesezeit\" \/>\n\t<meta name=\"twitter:data1\" content=\"3\u00a0Minuten\" \/>\n<!-- \/ Yoast SEO plugin. -->","yoast_head_json":{"title":"Allgemeine Bedingungen und Konditionen - Strandappartement Katwijk - Boulevard Katwijk aan zee","robots":{"index":"index","follow":"follow","max-snippet":"max-snippet:-1","max-image-preview":"max-image-preview:large","max-video-preview":"max-video-preview:-1"},"canonical":"https:\/\/strandappartementkatwijk.nl\/de\/allgemeine-bedingungen-und-konditionen\/","og_locale":"de_DE","og_type":"article","og_title":"Allgemeine Bedingungen und Konditionen - Strandappartement Katwijk - Boulevard Katwijk aan zee","og_description":"Strandappartement Katwijk Registrierungsnummer 0537 85F0 E32C DF5D D77E Diese allgemeinen Gesch\u00e4ftsbedingungen gelten f\u00fcr die Buchung: Der Mieter sollte sich dar\u00fcber im Klaren sein, dass diese Ferienwohnung einem privaten Vermieter geh\u00f6rt und er sich in jedem Fall entsprechend verhalten wird. Dies bedeutet auch, dass der Mieter keine Bel\u00e4stigungen f\u00fcr die Bewohner oder die unmittelbaren Nachbarn und [&hellip;]","og_url":"https:\/\/strandappartementkatwijk.nl\/de\/allgemeine-bedingungen-und-konditionen\/","og_site_name":"Strandappartement Katwijk - Boulevard Katwijk aan zee","article_modified_time":"2024-01-03T08:28:38+00:00","twitter_card":"summary_large_image","twitter_misc":{"Gesch\u00e4tzte Lesezeit":"3\u00a0Minuten"},"schema":{"@context":"https:\/\/schema.org","@graph":[{"@type":"WebPage","@id":"https:\/\/strandappartementkatwijk.nl\/de\/allgemeine-bedingungen-und-konditionen\/","url":"https:\/\/strandappartementkatwijk.nl\/de\/allgemeine-bedingungen-und-konditionen\/","name":"Allgemeine Bedingungen und Konditionen - Strandappartement Katwijk - Boulevard Katwijk aan zee","isPartOf":{"@id":"https:\/\/strandappartementkatwijk.nl\/de\/#website"},"datePublished":"2022-03-09T14:00:30+00:00","dateModified":"2024-01-03T08:28:38+00:00","breadcrumb":{"@id":"https:\/\/strandappartementkatwijk.nl\/de\/allgemeine-bedingungen-und-konditionen\/#breadcrumb"},"inLanguage":"de","potentialAction":[{"@type":"ReadAction","target":["https:\/\/strandappartementkatwijk.nl\/de\/allgemeine-bedingungen-und-konditionen\/"]}]},{"@type":"BreadcrumbList","@id":"https:\/\/strandappartementkatwijk.nl\/de\/allgemeine-bedingungen-und-konditionen\/#breadcrumb","itemListElement":[{"@type":"ListItem","position":1,"name":"Home","item":"https:\/\/strandappartementkatwijk.nl\/de\/"},{"@type":"ListItem","position":2,"name":"Allgemeine Bedingungen und Konditionen"}]},{"@type":"WebSite","@id":"https:\/\/strandappartementkatwijk.nl\/de\/#website","url":"https:\/\/strandappartementkatwijk.nl\/de\/","name":"Strandappartement Katwijk - Boulevard Katwijk aan zee","description":"","potentialAction":[{"@type":"SearchAction","target":{"@type":"EntryPoint","urlTemplate":"https:\/\/strandappartementkatwijk.nl\/de\/?s={search_term_string}"},"query-input":{"@type":"PropertyValueSpecification","valueRequired":true,"valueName":"search_term_string"}}],"inLanguage":"de"}]}},"_links":{"self":[{"href":"https:\/\/strandappartementkatwijk.nl\/de\/wp-json\/wp\/v2\/pages\/929","targetHints":{"allow":["GET"]}}],"collection":[{"href":"https:\/\/strandappartementkatwijk.nl\/de\/wp-json\/wp\/v2\/pages"}],"about":[{"href":"https:\/\/strandappartementkatwijk.nl\/de\/wp-json\/wp\/v2\/types\/page"}],"author":[{"embeddable":true,"href":"https:\/\/strandappartementkatwijk.nl\/de\/wp-json\/wp\/v2\/users\/3"}],"replies":[{"embeddable":true,"href":"https:\/\/strandappartementkatwijk.nl\/de\/wp-json\/wp\/v2\/comments?post=929"}],"version-history":[{"count":3,"href":"https:\/\/strandappartementkatwijk.nl\/de\/wp-json\/wp\/v2\/pages\/929\/revisions"}],"predecessor-version":[{"id":1064,"href":"https:\/\/strandappartementkatwijk.nl\/de\/wp-json\/wp\/v2\/pages\/929\/revisions\/1064"}],"wp:attachment":[{"href":"https:\/\/strandappartementkatwijk.nl\/de\/wp-json\/wp\/v2\/media?parent=929"}],"curies":[{"name":"wp","href":"https:\/\/api.w.org\/{rel}","templated":true}]}}