{"id":739,"date":"2023-01-26T10:00:43","date_gmt":"2023-01-26T10:00:43","guid":{"rendered":"https:\/\/strandappartementkatwijk.nl\/prijzen\/"},"modified":"2024-01-03T09:16:31","modified_gmt":"2024-01-03T09:16:31","slug":"preise","status":"publish","type":"page","link":"https:\/\/strandappartementkatwijk.nl\/de\/preise\/","title":{"rendered":"Preise"},"content":{"rendered":"<p>Nachstehend finden Sie die Preise, die f\u00fcr unsere 2-Zimmer-Wohnung (maximal 3 Personen) gelten. Wenn Sie f\u00fcr einen l\u00e4ngeren Zeitraum buchen m\u00f6chten, <a href=\"https:\/\/strandappartementkatwijk.nl\/de\/contact\/\">kontaktieren Sie uns bitte direkt<\/a>.<\/p>\n\n<table id=\"tablepress-3\" class=\"tablepress tablepress-id-3\">\n<thead>\n<tr class=\"row-1\">\n\t<th class=\"column-1\">Zeitraum<\/th><th class=\"column-2\">Pro Woche von<\/th><th class=\"column-3\">Wochenende von*<\/th><th class=\"column-4\">Mitte der Woche von*<\/th>\n<\/tr>\n<\/thead>\n<tbody class=\"row-striping row-hover\">\n<tr class=\"row-2\">\n\t<td class=\"column-1\">Januar \u2013 M\u00e4rz<\/td><td class=\"column-2\">\u20ac 700,-<\/td><td class=\"column-3\">\u20ac 385,-<\/td><td class=\"column-4\">\u20ac 425,-<\/td>\n<\/tr>\n<tr class=\"row-3\">\n\t<td class=\"column-1\">April \u2013 Juni<\/td><td class=\"column-2\">\u20ac 950,-<\/td><td class=\"column-3\">\u20ac 475,-<\/td><td class=\"column-4\">\u20ac 540,-<\/td>\n<\/tr>\n<tr class=\"row-4\">\n\t<td class=\"column-1\">Juli \u2013 Aug<\/td><td class=\"column-2\">\u20ac 1.225,-<\/td><td class=\"column-3\">-<\/td><td class=\"column-4\">-<\/td>\n<\/tr>\n<tr class=\"row-5\">\n\t<td class=\"column-1\">Sept \u2013 Okt<\/td><td class=\"column-2\">\u20ac 950,-<\/td><td class=\"column-3\">\u20ac 475,-<\/td><td class=\"column-4\">\u20ac 540,-<\/td>\n<\/tr>\n<tr class=\"row-6\">\n\t<td class=\"column-1\">Nov \u2013 Dez<\/td><td class=\"column-2\">\u20ac 700,-<\/td><td class=\"column-3\">\u20ac 385,-<\/td><td class=\"column-4\">\u20ac 425.-<\/td>\n<\/tr>\n<\/tbody>\n<\/table>\n<!-- #tablepress-3 from cache -->\n<p><em>*\u00a0 \u00a0Freitag Nachmittag 16.00 Uhr Ankunft und Montag 10.00 Uhr Abfahrt<\/em><br \/>\n<em>** Montag 16.00 Uhr Ankunft und Freitag 10.00 Uhr Abreise<\/em><\/p>\n<p>Preise f\u00fcr Feiertage (Ostern, Himmelfahrt, Pfingsten, Weihnachten, Silvester) sind auf Anfrage erh\u00e4ltlich.<br \/>\nUnsere Preise beinhalten Bettw\u00e4sche (w\u00f6chentlicher Wechsel), normale Nutzung von Strom, Wasser und Wi-Fi.<br \/>\nBei Ihrer Ankunft finden Sie eine Flasche Wein und 10 Kaffeetassen f\u00fcr die Nespresso-Kaffeemaschine als Willkommensgeschenk.<\/p>\n","protected":false},"excerpt":{"rendered":"<p>Nachstehend finden Sie die Preise, die f\u00fcr unsere 2-Zimmer-Wohnung (maximal 3 Personen) gelten. Wenn Sie f\u00fcr einen l\u00e4ngeren Zeitraum buchen m\u00f6chten, kontaktieren Sie uns bitte direkt. *\u00a0 \u00a0Freitag Nachmittag 16.00 Uhr Ankunft und Montag 10.00 Uhr Abfahrt ** Montag 16.00 Uhr Ankunft und Freitag 10.00 Uhr Abreise Preise f\u00fcr Feiertage (Ostern, Himmelfahrt, Pfingsten, Weihnachten, Silvester) [&hellip;]<\/p>\n","protected":false},"author":3,"featured_media":0,"parent":0,"menu_order":0,"comment_status":"closed","ping_status":"closed","template":"","meta":{"_acf_changed":false,"footnotes":""},"class_list":["post-739","page","type-page","status-publish","hentry"],"acf":[],"yoast_head":"<!-- This site is optimized with the Yoast SEO plugin v27.5 - https:\/\/yoast.com\/product\/yoast-seo-wordpress\/ -->\n<title>Preise - Strandappartement Katwijk - Boulevard Katwijk aan zee<\/title>\n<meta name=\"robots\" content=\"index, follow, max-snippet:-1, max-image-preview:large, max-video-preview:-1\" \/>\n<link rel=\"canonical\" href=\"https:\/\/strandappartementkatwijk.nl\/de\/preise\/\" \/>\n<meta property=\"og:locale\" content=\"de_DE\" \/>\n<meta property=\"og:type\" content=\"article\" \/>\n<meta property=\"og:title\" content=\"Preise - Strandappartement Katwijk - Boulevard Katwijk aan zee\" \/>\n<meta property=\"og:description\" content=\"Nachstehend finden Sie die Preise, die f\u00fcr unsere 2-Zimmer-Wohnung (maximal 3 Personen) gelten. Wenn Sie f\u00fcr einen l\u00e4ngeren Zeitraum buchen m\u00f6chten, kontaktieren Sie uns bitte direkt. *\u00a0 \u00a0Freitag Nachmittag 16.00 Uhr Ankunft und Montag 10.00 Uhr Abfahrt ** Montag 16.00 Uhr Ankunft und Freitag 10.00 Uhr Abreise Preise f\u00fcr Feiertage (Ostern, Himmelfahrt, Pfingsten, Weihnachten, Silvester) [&hellip;]\" \/>\n<meta property=\"og:url\" content=\"https:\/\/strandappartementkatwijk.nl\/de\/preise\/\" \/>\n<meta property=\"og:site_name\" content=\"Strandappartement Katwijk - Boulevard Katwijk aan zee\" \/>\n<meta property=\"article:modified_time\" content=\"2024-01-03T09:16:31+00:00\" \/>\n<meta name=\"twitter:card\" content=\"summary_large_image\" \/>\n<meta name=\"twitter:label1\" content=\"Gesch\u00e4tzte Lesezeit\" \/>\n\t<meta name=\"twitter:data1\" content=\"1\u00a0Minute\" \/>\n<!-- \/ Yoast SEO plugin. -->","yoast_head_json":{"title":"Preise - Strandappartement Katwijk - Boulevard Katwijk aan zee","robots":{"index":"index","follow":"follow","max-snippet":"max-snippet:-1","max-image-preview":"max-image-preview:large","max-video-preview":"max-video-preview:-1"},"canonical":"https:\/\/strandappartementkatwijk.nl\/de\/preise\/","og_locale":"de_DE","og_type":"article","og_title":"Preise - Strandappartement Katwijk - Boulevard Katwijk aan zee","og_description":"Nachstehend finden Sie die Preise, die f\u00fcr unsere 2-Zimmer-Wohnung (maximal 3 Personen) gelten. Wenn Sie f\u00fcr einen l\u00e4ngeren Zeitraum buchen m\u00f6chten, kontaktieren Sie uns bitte direkt. *\u00a0 \u00a0Freitag Nachmittag 16.00 Uhr Ankunft und Montag 10.00 Uhr Abfahrt ** Montag 16.00 Uhr Ankunft und Freitag 10.00 Uhr Abreise Preise f\u00fcr Feiertage (Ostern, Himmelfahrt, Pfingsten, Weihnachten, Silvester) [&hellip;]","og_url":"https:\/\/strandappartementkatwijk.nl\/de\/preise\/","og_site_name":"Strandappartement Katwijk - Boulevard Katwijk aan zee","article_modified_time":"2024-01-03T09:16:31+00:00","twitter_card":"summary_large_image","twitter_misc":{"Gesch\u00e4tzte Lesezeit":"1\u00a0Minute"},"schema":{"@context":"https:\/\/schema.org","@graph":[{"@type":"WebPage","@id":"https:\/\/strandappartementkatwijk.nl\/de\/preise\/","url":"https:\/\/strandappartementkatwijk.nl\/de\/preise\/","name":"Preise - Strandappartement Katwijk - Boulevard Katwijk aan zee","isPartOf":{"@id":"https:\/\/strandappartementkatwijk.nl\/de\/#website"},"datePublished":"2023-01-26T10:00:43+00:00","dateModified":"2024-01-03T09:16:31+00:00","breadcrumb":{"@id":"https:\/\/strandappartementkatwijk.nl\/de\/preise\/#breadcrumb"},"inLanguage":"de","potentialAction":[{"@type":"ReadAction","target":["https:\/\/strandappartementkatwijk.nl\/de\/preise\/"]}]},{"@type":"BreadcrumbList","@id":"https:\/\/strandappartementkatwijk.nl\/de\/preise\/#breadcrumb","itemListElement":[{"@type":"ListItem","position":1,"name":"Home","item":"https:\/\/strandappartementkatwijk.nl\/de\/"},{"@type":"ListItem","position":2,"name":"Preise"}]},{"@type":"WebSite","@id":"https:\/\/strandappartementkatwijk.nl\/de\/#website","url":"https:\/\/strandappartementkatwijk.nl\/de\/","name":"Strandappartement Katwijk - Boulevard Katwijk aan zee","description":"","potentialAction":[{"@type":"SearchAction","target":{"@type":"EntryPoint","urlTemplate":"https:\/\/strandappartementkatwijk.nl\/de\/?s={search_term_string}"},"query-input":{"@type":"PropertyValueSpecification","valueRequired":true,"valueName":"search_term_string"}}],"inLanguage":"de"}]}},"_links":{"self":[{"href":"https:\/\/strandappartementkatwijk.nl\/de\/wp-json\/wp\/v2\/pages\/739","targetHints":{"allow":["GET"]}}],"collection":[{"href":"https:\/\/strandappartementkatwijk.nl\/de\/wp-json\/wp\/v2\/pages"}],"about":[{"href":"https:\/\/strandappartementkatwijk.nl\/de\/wp-json\/wp\/v2\/types\/page"}],"author":[{"embeddable":true,"href":"https:\/\/strandappartementkatwijk.nl\/de\/wp-json\/wp\/v2\/users\/3"}],"replies":[{"embeddable":true,"href":"https:\/\/strandappartementkatwijk.nl\/de\/wp-json\/wp\/v2\/comments?post=739"}],"version-history":[{"count":16,"href":"https:\/\/strandappartementkatwijk.nl\/de\/wp-json\/wp\/v2\/pages\/739\/revisions"}],"predecessor-version":[{"id":1067,"href":"https:\/\/strandappartementkatwijk.nl\/de\/wp-json\/wp\/v2\/pages\/739\/revisions\/1067"}],"wp:attachment":[{"href":"https:\/\/strandappartementkatwijk.nl\/de\/wp-json\/wp\/v2\/media?parent=739"}],"curies":[{"name":"wp","href":"https:\/\/api.w.org\/{rel}","templated":true}]}}