{"id":737,"date":"2023-01-26T10:02:00","date_gmt":"2023-01-26T10:02:00","guid":{"rendered":"https:\/\/strandappartementkatwijk.nl\/de-omgeving\/"},"modified":"2023-04-26T09:04:17","modified_gmt":"2023-04-26T09:04:17","slug":"die-umgebung","status":"publish","type":"page","link":"https:\/\/strandappartementkatwijk.nl\/de\/die-umgebung\/","title":{"rendered":"Die Umgebung"},"content":{"rendered":"<p>Die <a href=\"https:\/\/strandappartementkatwijk.nl\/de\/2-zimmer-wohnung\/\">2-Zimmer-Wohnung<\/a> von Strandappartement Katwijk ist wundersch\u00f6n gelegen im beliebten Familienbadeort Katwijk aan Zee. Der sch\u00f6ne Strand und die sch\u00f6n gestaltete Promenade und D\u00fcnen sind untrennbar miteinander verbunden. Sowohl der Strand als auch der Boulevard von Katwijk aan Zee sind aufgrund ihrer Lage, Gestaltung und Atmosph\u00e4re einzigartig. Der Strand ist gepr\u00e4gt von Strandpavillons mit ihren &#8222;Strandh\u00fctten&#8220;, der Boulevard von den sch\u00f6nen D\u00fcnen und Wohnh\u00e4usern.<\/p>\n","protected":false},"excerpt":{"rendered":"<p>Die 2-Zimmer-Wohnung von Strandappartement Katwijk ist wundersch\u00f6n gelegen im beliebten Familienbadeort Katwijk aan Zee. Der sch\u00f6ne Strand und die sch\u00f6n gestaltete Promenade und D\u00fcnen sind untrennbar miteinander verbunden. Sowohl der Strand als auch der Boulevard von Katwijk aan Zee sind aufgrund ihrer Lage, Gestaltung und Atmosph\u00e4re einzigartig. Der Strand ist gepr\u00e4gt von Strandpavillons mit ihren [&hellip;]<\/p>\n","protected":false},"author":3,"featured_media":0,"parent":0,"menu_order":0,"comment_status":"closed","ping_status":"closed","template":"","meta":{"_acf_changed":false,"footnotes":""},"class_list":["post-737","page","type-page","status-publish","hentry"],"acf":[],"yoast_head":"<!-- This site is optimized with the Yoast SEO plugin v27.4 - https:\/\/yoast.com\/product\/yoast-seo-wordpress\/ -->\n<title>Die Umgebung - Strandappartement Katwijk - Boulevard Katwijk aan zee<\/title>\n<meta name=\"robots\" content=\"index, follow, max-snippet:-1, max-image-preview:large, max-video-preview:-1\" \/>\n<link rel=\"canonical\" href=\"https:\/\/strandappartementkatwijk.nl\/de\/die-umgebung\/\" \/>\n<meta property=\"og:locale\" content=\"de_DE\" \/>\n<meta property=\"og:type\" content=\"article\" \/>\n<meta property=\"og:title\" content=\"Die Umgebung - Strandappartement Katwijk - Boulevard Katwijk aan zee\" \/>\n<meta property=\"og:description\" content=\"Die 2-Zimmer-Wohnung von Strandappartement Katwijk ist wundersch\u00f6n gelegen im beliebten Familienbadeort Katwijk aan Zee. Der sch\u00f6ne Strand und die sch\u00f6n gestaltete Promenade und D\u00fcnen sind untrennbar miteinander verbunden. Sowohl der Strand als auch der Boulevard von Katwijk aan Zee sind aufgrund ihrer Lage, Gestaltung und Atmosph\u00e4re einzigartig. Der Strand ist gepr\u00e4gt von Strandpavillons mit ihren [&hellip;]\" \/>\n<meta property=\"og:url\" content=\"https:\/\/strandappartementkatwijk.nl\/de\/die-umgebung\/\" \/>\n<meta property=\"og:site_name\" content=\"Strandappartement Katwijk - Boulevard Katwijk aan zee\" \/>\n<meta property=\"article:modified_time\" content=\"2023-04-26T09:04:17+00:00\" \/>\n<meta name=\"twitter:card\" content=\"summary_large_image\" \/>\n<!-- \/ Yoast SEO plugin. -->","yoast_head_json":{"title":"Die Umgebung - Strandappartement Katwijk - Boulevard Katwijk aan zee","robots":{"index":"index","follow":"follow","max-snippet":"max-snippet:-1","max-image-preview":"max-image-preview:large","max-video-preview":"max-video-preview:-1"},"canonical":"https:\/\/strandappartementkatwijk.nl\/de\/die-umgebung\/","og_locale":"de_DE","og_type":"article","og_title":"Die Umgebung - Strandappartement Katwijk - Boulevard Katwijk aan zee","og_description":"Die 2-Zimmer-Wohnung von Strandappartement Katwijk ist wundersch\u00f6n gelegen im beliebten Familienbadeort Katwijk aan Zee. Der sch\u00f6ne Strand und die sch\u00f6n gestaltete Promenade und D\u00fcnen sind untrennbar miteinander verbunden. Sowohl der Strand als auch der Boulevard von Katwijk aan Zee sind aufgrund ihrer Lage, Gestaltung und Atmosph\u00e4re einzigartig. Der Strand ist gepr\u00e4gt von Strandpavillons mit ihren [&hellip;]","og_url":"https:\/\/strandappartementkatwijk.nl\/de\/die-umgebung\/","og_site_name":"Strandappartement Katwijk - Boulevard Katwijk aan zee","article_modified_time":"2023-04-26T09:04:17+00:00","twitter_card":"summary_large_image","schema":{"@context":"https:\/\/schema.org","@graph":[{"@type":"WebPage","@id":"https:\/\/strandappartementkatwijk.nl\/de\/die-umgebung\/","url":"https:\/\/strandappartementkatwijk.nl\/de\/die-umgebung\/","name":"Die Umgebung - Strandappartement Katwijk - Boulevard Katwijk aan zee","isPartOf":{"@id":"https:\/\/strandappartementkatwijk.nl\/de\/#website"},"datePublished":"2023-01-26T10:02:00+00:00","dateModified":"2023-04-26T09:04:17+00:00","breadcrumb":{"@id":"https:\/\/strandappartementkatwijk.nl\/de\/die-umgebung\/#breadcrumb"},"inLanguage":"de","potentialAction":[{"@type":"ReadAction","target":["https:\/\/strandappartementkatwijk.nl\/de\/die-umgebung\/"]}]},{"@type":"BreadcrumbList","@id":"https:\/\/strandappartementkatwijk.nl\/de\/die-umgebung\/#breadcrumb","itemListElement":[{"@type":"ListItem","position":1,"name":"Home","item":"https:\/\/strandappartementkatwijk.nl\/de\/"},{"@type":"ListItem","position":2,"name":"Die Umgebung"}]},{"@type":"WebSite","@id":"https:\/\/strandappartementkatwijk.nl\/de\/#website","url":"https:\/\/strandappartementkatwijk.nl\/de\/","name":"Strandappartement Katwijk - Boulevard Katwijk aan zee","description":"","potentialAction":[{"@type":"SearchAction","target":{"@type":"EntryPoint","urlTemplate":"https:\/\/strandappartementkatwijk.nl\/de\/?s={search_term_string}"},"query-input":{"@type":"PropertyValueSpecification","valueRequired":true,"valueName":"search_term_string"}}],"inLanguage":"de"}]}},"_links":{"self":[{"href":"https:\/\/strandappartementkatwijk.nl\/de\/wp-json\/wp\/v2\/pages\/737","targetHints":{"allow":["GET"]}}],"collection":[{"href":"https:\/\/strandappartementkatwijk.nl\/de\/wp-json\/wp\/v2\/pages"}],"about":[{"href":"https:\/\/strandappartementkatwijk.nl\/de\/wp-json\/wp\/v2\/types\/page"}],"author":[{"embeddable":true,"href":"https:\/\/strandappartementkatwijk.nl\/de\/wp-json\/wp\/v2\/users\/3"}],"replies":[{"embeddable":true,"href":"https:\/\/strandappartementkatwijk.nl\/de\/wp-json\/wp\/v2\/comments?post=737"}],"version-history":[{"count":9,"href":"https:\/\/strandappartementkatwijk.nl\/de\/wp-json\/wp\/v2\/pages\/737\/revisions"}],"predecessor-version":[{"id":920,"href":"https:\/\/strandappartementkatwijk.nl\/de\/wp-json\/wp\/v2\/pages\/737\/revisions\/920"}],"wp:attachment":[{"href":"https:\/\/strandappartementkatwijk.nl\/de\/wp-json\/wp\/v2\/media?parent=737"}],"curies":[{"name":"wp","href":"https:\/\/api.w.org\/{rel}","templated":true}]}}