{"id":734,"date":"2021-12-22T09:35:09","date_gmt":"2021-12-22T09:35:09","guid":{"rendered":"https:\/\/strandappartementkatwijk.nl\/home\/"},"modified":"2023-05-01T15:16:08","modified_gmt":"2023-05-01T15:16:08","slug":"home","status":"publish","type":"page","link":"https:\/\/strandappartementkatwijk.nl\/de\/","title":{"rendered":"Katwijk, erstaunlich vielseitig!"},"content":{"rendered":"<p>Die 2-Zimmer-Wohnung von Strandappartement Katwijk befindet sich in Katwijk aan Zee an der Nordsee, zwischen Noordwijk und Scheveningen. Katwijk aan Zee ist ein gem\u00fctlicher Familienbadeort und ein idealer Ausgangspunkt f\u00fcr einen Urlaub am Strand und in den D\u00fcnen. Die hervorragend ausgestattete Zweizimmerwohnung bietet eine Oase der Ruhe und des Komforts.<\/p>\n<p>Durch die zentrale Lage von Katwijk aan Zee k\u00f6nnen Sie w\u00e4hrend Ihres Aufenthaltes auch einen St\u00e4dtetrip nach Leiden, Amsterdam, Haarlem und Den Haag unternehmen. In der unmittelbaren Umgebung von Katwijk, mitten im Bollenstreek (bekannt durch De Keukenhof und die Tulpenfelder), gibt es viel zu sehen und zu erleben.<\/p>\n<p>Unsere luxuri\u00f6se 2-Zimmer-Wohnung im zweiten Stock am Boulevard von Katwijk aan Zee besteht aus einem ger\u00e4umigen Wohnzimmer, einem Hauptschlafzimmer, einer voll ausgestatteten K\u00fcche und einem modernen Badezimmer mit begehbarer Dusche und Toilette.<\/p>\n<p>Buchen Sie die 2-Schlafzimmer-Wohnung im Strandappartement Katwijk und genie\u00dfen Sie Strandleben pur inmitten von Luxus und Komfort! Die Wohnung ist das ganze Jahr \u00fcber zu mieten, seien Sie p\u00fcnktlich!<\/p>\n","protected":false},"excerpt":{"rendered":"<p>Die 2-Zimmer-Wohnung von Strandappartement Katwijk befindet sich in Katwijk aan Zee an der Nordsee, zwischen Noordwijk und Scheveningen. Katwijk aan Zee ist ein gem\u00fctlicher Familienbadeort und ein idealer Ausgangspunkt f\u00fcr einen Urlaub am Strand und in den D\u00fcnen. Die hervorragend ausgestattete Zweizimmerwohnung bietet eine Oase der Ruhe und des Komforts. Durch die zentrale Lage von [&hellip;]<\/p>\n","protected":false},"author":3,"featured_media":0,"parent":0,"menu_order":0,"comment_status":"closed","ping_status":"open","template":"page-home.php","meta":{"_acf_changed":false,"footnotes":""},"class_list":["post-734","page","type-page","status-publish","hentry"],"acf":[],"yoast_head":"<!-- This site is optimized with the Yoast SEO plugin v27.4 - https:\/\/yoast.com\/product\/yoast-seo-wordpress\/ -->\n<title>Katwijk, erstaunlich vielseitig! - Strandappartement Katwijk - Boulevard Katwijk aan zee<\/title>\n<meta name=\"robots\" content=\"index, follow, max-snippet:-1, max-image-preview:large, max-video-preview:-1\" \/>\n<link rel=\"canonical\" href=\"https:\/\/strandappartementkatwijk.nl\/de\/\" \/>\n<meta property=\"og:locale\" content=\"de_DE\" \/>\n<meta property=\"og:type\" content=\"article\" \/>\n<meta property=\"og:title\" content=\"Katwijk, erstaunlich vielseitig! - Strandappartement Katwijk - Boulevard Katwijk aan zee\" \/>\n<meta property=\"og:description\" content=\"Die 2-Zimmer-Wohnung von Strandappartement Katwijk befindet sich in Katwijk aan Zee an der Nordsee, zwischen Noordwijk und Scheveningen. Katwijk aan Zee ist ein gem\u00fctlicher Familienbadeort und ein idealer Ausgangspunkt f\u00fcr einen Urlaub am Strand und in den D\u00fcnen. Die hervorragend ausgestattete Zweizimmerwohnung bietet eine Oase der Ruhe und des Komforts. Durch die zentrale Lage von [&hellip;]\" \/>\n<meta property=\"og:url\" content=\"https:\/\/strandappartementkatwijk.nl\/de\/\" \/>\n<meta property=\"og:site_name\" content=\"Strandappartement Katwijk - Boulevard Katwijk aan zee\" \/>\n<meta property=\"article:modified_time\" content=\"2023-05-01T15:16:08+00:00\" \/>\n<meta name=\"twitter:card\" content=\"summary_large_image\" \/>\n<meta name=\"twitter:label1\" content=\"Gesch\u00e4tzte Lesezeit\" \/>\n\t<meta name=\"twitter:data1\" content=\"1\u00a0Minute\" \/>\n<!-- \/ Yoast SEO plugin. -->","yoast_head_json":{"title":"Katwijk, erstaunlich vielseitig! - Strandappartement Katwijk - Boulevard Katwijk aan zee","robots":{"index":"index","follow":"follow","max-snippet":"max-snippet:-1","max-image-preview":"max-image-preview:large","max-video-preview":"max-video-preview:-1"},"canonical":"https:\/\/strandappartementkatwijk.nl\/de\/","og_locale":"de_DE","og_type":"article","og_title":"Katwijk, erstaunlich vielseitig! - Strandappartement Katwijk - Boulevard Katwijk aan zee","og_description":"Die 2-Zimmer-Wohnung von Strandappartement Katwijk befindet sich in Katwijk aan Zee an der Nordsee, zwischen Noordwijk und Scheveningen. Katwijk aan Zee ist ein gem\u00fctlicher Familienbadeort und ein idealer Ausgangspunkt f\u00fcr einen Urlaub am Strand und in den D\u00fcnen. Die hervorragend ausgestattete Zweizimmerwohnung bietet eine Oase der Ruhe und des Komforts. Durch die zentrale Lage von [&hellip;]","og_url":"https:\/\/strandappartementkatwijk.nl\/de\/","og_site_name":"Strandappartement Katwijk - Boulevard Katwijk aan zee","article_modified_time":"2023-05-01T15:16:08+00:00","twitter_card":"summary_large_image","twitter_misc":{"Gesch\u00e4tzte Lesezeit":"1\u00a0Minute"},"schema":{"@context":"https:\/\/schema.org","@graph":[{"@type":"WebPage","@id":"https:\/\/strandappartementkatwijk.nl\/de\/","url":"https:\/\/strandappartementkatwijk.nl\/de\/","name":"Katwijk, erstaunlich vielseitig! - Strandappartement Katwijk - Boulevard Katwijk aan zee","isPartOf":{"@id":"https:\/\/strandappartementkatwijk.nl\/de\/#website"},"datePublished":"2021-12-22T09:35:09+00:00","dateModified":"2023-05-01T15:16:08+00:00","breadcrumb":{"@id":"https:\/\/strandappartementkatwijk.nl\/de\/#breadcrumb"},"inLanguage":"de","potentialAction":[{"@type":"ReadAction","target":["https:\/\/strandappartementkatwijk.nl\/de\/"]}]},{"@type":"BreadcrumbList","@id":"https:\/\/strandappartementkatwijk.nl\/de\/#breadcrumb","itemListElement":[{"@type":"ListItem","position":1,"name":"Home","item":"https:\/\/strandappartementkatwijk.nl\/de\/"},{"@type":"ListItem","position":2,"name":"Katwijk, erstaunlich vielseitig!"}]},{"@type":"WebSite","@id":"https:\/\/strandappartementkatwijk.nl\/de\/#website","url":"https:\/\/strandappartementkatwijk.nl\/de\/","name":"Strandappartement Katwijk - Boulevard Katwijk aan zee","description":"","potentialAction":[{"@type":"SearchAction","target":{"@type":"EntryPoint","urlTemplate":"https:\/\/strandappartementkatwijk.nl\/de\/?s={search_term_string}"},"query-input":{"@type":"PropertyValueSpecification","valueRequired":true,"valueName":"search_term_string"}}],"inLanguage":"de"}]}},"_links":{"self":[{"href":"https:\/\/strandappartementkatwijk.nl\/de\/wp-json\/wp\/v2\/pages\/734","targetHints":{"allow":["GET"]}}],"collection":[{"href":"https:\/\/strandappartementkatwijk.nl\/de\/wp-json\/wp\/v2\/pages"}],"about":[{"href":"https:\/\/strandappartementkatwijk.nl\/de\/wp-json\/wp\/v2\/types\/page"}],"author":[{"embeddable":true,"href":"https:\/\/strandappartementkatwijk.nl\/de\/wp-json\/wp\/v2\/users\/3"}],"replies":[{"embeddable":true,"href":"https:\/\/strandappartementkatwijk.nl\/de\/wp-json\/wp\/v2\/comments?post=734"}],"version-history":[{"count":5,"href":"https:\/\/strandappartementkatwijk.nl\/de\/wp-json\/wp\/v2\/pages\/734\/revisions"}],"predecessor-version":[{"id":968,"href":"https:\/\/strandappartementkatwijk.nl\/de\/wp-json\/wp\/v2\/pages\/734\/revisions\/968"}],"wp:attachment":[{"href":"https:\/\/strandappartementkatwijk.nl\/de\/wp-json\/wp\/v2\/media?parent=734"}],"curies":[{"name":"wp","href":"https:\/\/api.w.org\/{rel}","templated":true}]}}